{"id":633,"date":"2025-07-15T11:38:29","date_gmt":"2025-07-15T15:38:29","guid":{"rendered":"https:\/\/dgtilai.com\/terms-of-use\/"},"modified":"2026-03-12T19:57:44","modified_gmt":"2026-03-13T00:57:44","slug":"conditions-utilisation","status":"publish","type":"page","link":"https:\/\/dgtil.ai\/fr\/conditions-utilisation\/","title":{"rendered":"Conditions d&rsquo;utilisation"},"content":{"rendered":"<p>[et_pb_section fb_built=\u00a0\u00bb1&Prime; _builder_version=\u00a0\u00bb4.23.1&Prime; custom_padding=\u00a0\u00bb||0px|||\u00a0\u00bb global_colors_info=\u00a0\u00bb{}\u00a0\u00bb][et_pb_row use_custom_gutter=\u00a0\u00bbon\u00a0\u00bb _builder_version=\u00a0\u00bb4.23.1&Prime; width=\u00a0\u00bb1413px\u00a0\u00bb custom_padding=\u00a0\u00bb||0px|||\u00a0\u00bb global_colors_info=\u00a0\u00bb{}\u00a0\u00bb][et_pb_column type=\u00a0\u00bb4_4&Prime; _builder_version=\u00a0\u00bb4.23.1&Prime; global_colors_info=\u00a0\u00bb{}\u00a0\u00bb][et_pb_text _builder_version=\u00a0\u00bb4.23.1&Prime; text_font=\u00a0\u00bbPlayfair Display||||||||\u00a0\u00bb text_text_color=\u00a0\u00bb#eaeaea\u00a0\u00bb text_font_size=\u00a0\u00bb333px\u00a0\u00bb text_line_height=\u00a0\u00bb0em\u00a0\u00bb positioning=\u00a0\u00bbabsolute\u00a0\u00bb custom_margin=\u00a0\u00bb150px||||false|false\u00a0\u00bb global_colors_info=\u00a0\u00bb{}\u00a0\u00bb]<\/p>\n<p><span>\u201c<\/span><\/p>\n<p>[\/et_pb_text][et_pb_text _builder_version=\u00a0\u00bb4.27.6&Prime; header_3_font=\u00a0\u00bb||on|||||#EDF000|solid\u00a0\u00bb header_3_text_align=\u00a0\u00bbcenter\u00a0\u00bb header_3_font_size=\u00a0\u00bb2.6rem\u00a0\u00bb header_3_line_height=\u00a0\u00bb1.4em\u00a0\u00bb custom_margin=\u00a0\u00bb79px|150px|79px|150px|true|true\u00a0\u00bb custom_margin_tablet=\u00a0\u00bb|70px||70px|true|true\u00a0\u00bb custom_margin_phone=\u00a0\u00bb|30px||30px|true|true\u00a0\u00bb custom_margin_last_edited=\u00a0\u00bbon|phone\u00a0\u00bb hover_enabled=\u00a0\u00bb0&Prime; header_3_font_size_tablet=\u00a0\u00bb1.7rem\u00a0\u00bb header_3_font_size_phone=\u00a0\u00bb1.3rem\u00a0\u00bb header_3_font_size_last_edited=\u00a0\u00bbon|phone\u00a0\u00bb global_colors_info=\u00a0\u00bb{}\u00a0\u00bb sticky_enabled=\u00a0\u00bb0&Prime;]<\/p>\n<h3>Nous prot\u00e9geons vos donn\u00e9es sur ce site.<\/h3>\n<p>[\/et_pb_text][et_pb_text _builder_version=\u00a0\u00bb4.27.6&Prime; text_font=\u00a0\u00bb||||||||\u00a0\u00bb text_text_color=\u00a0\u00bb#eaeaea\u00a0\u00bb text_font_size=\u00a0\u00bb222px\u00a0\u00bb text_line_height=\u00a0\u00bb0em\u00a0\u00bb positioning=\u00a0\u00bbabsolute\u00a0\u00bb position_origin_a=\u00a0\u00bbbottom_right\u00a0\u00bb text_orientation=\u00a0\u00bbright\u00a0\u00bb hover_enabled=\u00a0\u00bb0&Prime; global_colors_info=\u00a0\u00bb{}\u00a0\u00bb sticky_enabled=\u00a0\u00bb0&Prime;]<\/p>\n<p>\u201d\u00a0 dgtil.ai<\/p>\n<p>[\/et_pb_text][\/et_pb_column][\/et_pb_row][\/et_pb_section][et_pb_section fb_built=\u00a0\u00bb1&Prime; admin_label=\u00a0\u00bbsection\u00a0\u00bb _builder_version=\u00a0\u00bb4.23.1&Prime; background_enable_image=\u00a0\u00bboff\u00a0\u00bb background_blend=\u00a0\u00bbsoft-light\u00a0\u00bb custom_padding=\u00a0\u00bb0px|||||\u00a0\u00bb global_colors_info=\u00a0\u00bb{}\u00a0\u00bb][et_pb_row admin_label=\u00a0\u00bbrow\u00a0\u00bb _builder_version=\u00a0\u00bb4.23.1&Prime; background_size=\u00a0\u00bbinitial\u00a0\u00bb background_position=\u00a0\u00bbtop_left\u00a0\u00bb background_repeat=\u00a0\u00bbrepeat\u00a0\u00bb width=\u00a0\u00bb52%\u00a0\u00bb global_colors_info=\u00a0\u00bb{}\u00a0\u00bb][et_pb_column type=\u00a0\u00bb4_4&Prime; _builder_version=\u00a0\u00bb4.16&Prime; custom_padding=\u00a0\u00bb|||\u00a0\u00bb global_colors_info=\u00a0\u00bb{}\u00a0\u00bb custom_padding__hover=\u00a0\u00bb|||\u00a0\u00bb][et_pb_text admin_label=\u00a0\u00bbText\u00a0\u00bb _builder_version=\u00a0\u00bb4.27.6&Prime; header_line_height=\u00a0\u00bb2.3em\u00a0\u00bb header_2_font_size=\u00a0\u00bb37px\u00a0\u00bb background_size=\u00a0\u00bbinitial\u00a0\u00bb background_position=\u00a0\u00bbtop_left\u00a0\u00bb background_repeat=\u00a0\u00bbrepeat\u00a0\u00bb hover_enabled=\u00a0\u00bb0&Prime; global_colors_info=\u00a0\u00bb{}\u00a0\u00bb text_text_color=\u00a0\u00bb#000000&Prime; sticky_enabled=\u00a0\u00bb0&Prime;]<\/p>\n<h1>Conditions d&rsquo;utilisation<\/h1>\n<h3>D\u00e9claration g\u00e9n\u00e9rale<\/h3>\n<p>Cette politique concerne nos pratiques de confidentialit\u00e9 en relation avec notre site Web, dgtil.ai\/ (le \u00ab Site \u00bb). En visitant, en acc\u00e9dant ou en utilisant ce site Web, vous acceptez par la pr\u00e9sente d&rsquo;\u00eatre li\u00e9 par les termes et conditions \u00e9nonc\u00e9s ci-dessous. La simple utilisation de ce site implique la connaissance et l&rsquo;acceptation des pr\u00e9sentes conditions d&rsquo;utilisation. Dans certains cas particuliers, nous pouvons \u00e9galement vous demander votre consentement explicite.<\/p>\n<p>Les pr\u00e9sentes conditions d&rsquo;utilisation s&rsquo;appliquent \u00e0 ce site web. Vous pouvez \u00eatre li\u00e9 par des contrats suppl\u00e9mentaires en relation avec votre relation avec nous ou tout service que vous recevez de notre part. Si des dispositions d&rsquo;accords suppl\u00e9mentaires entrent en conflit avec des dispositions des pr\u00e9sentes conditions, les dispositions de ces accords suppl\u00e9mentaires pr\u00e9vaudront.<\/p>\n<p>Votre vie priv\u00e9e est importante pour nous et notre politique est simple. DGTilai ne collecte aucune information personnelle vous concernant lorsque vous visitez le Site, sauf si vous choisissez sp\u00e9cifiquement de fournir ces informations.<\/p>\n<h3>Collecte et utilisation des informations personnelles<\/h3>\n<p>DGTilai ne collecte aucune information personnelle vous concernant autre que celles que vous fournissez volontairement. Par exemple, nous conserverons votre adresse e-mail si vous vous abonnez \u00e0 notre infolettre ou nous envoyez un courriel. Nous conservons \u00e9galement d&rsquo;autres informations que vous nous avez fournies via nos formulaires de message.<\/p>\n<p>Les informations que vous fournissez sont utilis\u00e9es uniquement aux fins pour lesquelles elles sont destin\u00e9es. Ces informations ne sont partag\u00e9es avec aucun tiers \u00e0 des fins commerciales.<\/p>\n<h3>Collecte et utilisation des informations techniques<\/h3>\n<p>Le serveur sur lequel se trouve le site collecte et enregistre uniquement les informations par d\u00e9faut normalement fournies par le logiciel du serveur Web. Ces informations peuvent inclure l&rsquo;adresse IP d&rsquo;origine, la date et l&rsquo;heure de votre visite, les pages Web visit\u00e9es sur notre Site et les documents t\u00e9l\u00e9charg\u00e9s \u00e0 partir de celui-ci. Si votre navigateur Web l&rsquo;autorise, le Site placera des \u00ab cookies \u00bb (simples fichiers texte) sur votre ordinateur afin que le Site puisse se souvenir de vous lors de vos visites ult\u00e9rieures. Vous pouvez d\u00e9sactiver la capacit\u00e9 de votre ordinateur \u00e0 recevoir des \u00ab cookies \u00bb.<\/p>\n<p>dgtil.ai ne tentera pas d&rsquo;identifier les visiteurs individuels du Site ni d&rsquo;associer les informations techniques mentionn\u00e9es ci-dessus \u00e0 un individu.<\/p>\n<p>Ces informations sont utilis\u00e9es uniquement \u00e0 des fins statistiques et administratives et pour aider la F\u00e9d\u00e9ration \u00e0 am\u00e9liorer l\u2019exp\u00e9rience des visiteurs sur le Site.<\/p>\n<h2>Protection des donn\u00e9es personnelles<\/h2>\n<p>Cette clause de protection des donn\u00e9es personnelles vise \u00e0 vous informer sur la mani\u00e8re dont ce site Internet collecte, utilise, traite et prot\u00e8ge vos donn\u00e9es personnelles lorsque vous visitez notre site Internet [https:\/\/dgtil.ai\/] (ci-apr\u00e8s \u00ab site \u00bb). Nous attachons une grande importance \u00e0 la protection de votre vie priv\u00e9e et nous nous engageons \u00e0 respecter les lois applicables en mati\u00e8re de protection des donn\u00e9es personnelles.<\/p>\n<h3>1. Collecte obligatoire des donn\u00e9es<\/h3>\n<p>Afin d&rsquo;assurer la s\u00e9curit\u00e9 de ce site et de prot\u00e9ger votre visite sur notre site, certaines donn\u00e9es telles que votre adresse IP, votre navigateur, vos param\u00e8tres de s\u00e9curit\u00e9, votre localisation, peuvent \u00eatre consult\u00e9es. Il est important pour nous de maintenir ce site s\u00e9curis\u00e9 \u00e0 tout moment et d\u2019\u00eatre \u00e0 l\u2019abri du piratage et des utilisations abusives. Pour atteindre ces objectifs, les services suivants peuvent consulter votre adresse IP, votre navigateur, vos param\u00e8tres de s\u00e9curit\u00e9, votre localisation et d&rsquo;autres donn\u00e9es li\u00e9es \u00e0 la s\u00e9curit\u00e9 et au bon fonctionnement du site :<\/p>\n<ul>\n<li>WordPress<\/li>\n<li>Calendly<\/li>\n<li>Google et autres navigateurs<\/li>\n<li>Cloudfare<\/li>\n<\/ul>\n<h3>2. Collecte de donn\u00e9es personnelles avec consentement<\/h3>\n<p>Nous pouvons collecter les donn\u00e9es personnelles suivantes lorsque vous utilisez notre site pour communiquer avec nous :<\/p>\n<ul>\n<li>Nom et pr\u00e9nom<\/li>\n<li>Adresse e-mail<\/li>\n<li>Num\u00e9ro de t\u00e9l\u00e9phone<\/li>\n<li>Adresse<\/li>\n<li>Informations de paiement<\/li>\n<\/ul>\n<h3>3. Utilisation des donn\u00e9es personnelles<\/h3>\n<p>Nous utilisons vos donn\u00e9es personnelles aux fins suivantes :<\/p>\n<ul>\n<li>Fourniture des services que vous avez demand\u00e9s<\/li>\n<li>R\u00e9pondre \u00e0 vos demandes<\/li>\n<li>Personnaliser votre exp\u00e9rience sur le site<\/li>\n<li>Traitement des paiements (le cas \u00e9ch\u00e9ant)<\/li>\n<li>Envoi d&rsquo;informations par e-mail (avec votre consentement)<\/li>\n<li>Respect des obligations l\u00e9gales<\/li>\n<li>Protection des donn\u00e9es personnelles<\/li>\n<\/ul>\n<p>Nous mettons en \u0153uvre des mesures de s\u00e9curit\u00e9 appropri\u00e9es pour prot\u00e9ger vos donn\u00e9es personnelles contre tout acc\u00e8s, divulgation, alt\u00e9ration ou destruction non autoris\u00e9s. Nous nous engageons \u00e0 maintenir la confidentialit\u00e9 et la s\u00e9curit\u00e9 de vos donn\u00e9es.<\/p>\n<h3>4. Partage de donn\u00e9es personnelles<\/h3>\n<p>Nous partageons vos donn\u00e9es personnelles avec des tiers uniquement lorsque cela est n\u00e9cessaire \u00e0 la fourniture de nos services ou lorsque la loi l&rsquo;exige. Nous ne vendons pas vos donn\u00e9es personnelles \u00e0 des tiers.<\/p>\n<h3>5. Vos droits<\/h3>\n<p>Vous disposez de certains droits concernant vos donn\u00e9es personnelles, notamment le droit d&rsquo;acc\u00e9der \u00e0 vos donn\u00e9es, de les rectifier, de les supprimer ou de vous opposer \u00e0 leur traitement. Pour exercer ces droits, veuillez nous contacter legal@dgtilai.com<\/p>\n<h3>6. Cookies<\/h3>\n<p>Notre site utilise des cookies pour s\u00e9curiser le site et am\u00e9liorer votre exp\u00e9rience en ligne.<\/p>\n<h3>7. Modification de la clause<\/h3>\n<p>Nous nous r\u00e9servons le droit de modifier cette clause \u00e0 tout moment. Toute modification sera publi\u00e9e sur cette page et la date de r\u00e9vision en haut de la page sera mise \u00e0 jour. Nous vous encourageons \u00e0 consulter r\u00e9guli\u00e8rement cette clause pour rester inform\u00e9 des changements.<\/p>\n<h3>8. Communication \u00e9lectronique<\/h3>\n<p>En utilisant ce site Web ou en communiquant avec nous par des moyens \u00e9lectroniques, vous acceptez et reconnaissez que nous pouvons communiquer avec vous par voie \u00e9lectronique sur notre site Web ou en vous envoyant un courrier \u00e9lectronique, et vous acceptez que tous les accords, avis, publications et autres communications que nous fournissons \u00e0 vous remplissez \u00e9lectroniquement toute exigence l\u00e9gale, y compris, mais sans s&rsquo;y limiter, l&rsquo;exigence que ces communications soient \u00e9crites.<\/p>\n<h3>9. Propri\u00e9t\u00e9 intellectuelle<\/h3>\n<p>Nous ou nos titulaires de licence poss\u00e9dons et contr\u00f4lons tous les droits d&rsquo;auteur et autres droits de propri\u00e9t\u00e9 intellectuelle sur ce site Web ainsi que les donn\u00e9es, informations et autres ressources affich\u00e9es ou accessibles via le site Web.<\/p>\n<h3>10. Contacter<\/h3>\n<p>Si vous avez des questions ou des pr\u00e9occupations concernant ces conditions ou la protection de vos donn\u00e9es, veuillez nous contacter au bonjour@dgtil.ai<\/p>\n<p>En utilisant notre site, vous acceptez ces conditions d&rsquo;utilisation. Si vous n&rsquo;acceptez pas ces conditions, veuillez ne pas visiter notre site.<\/p>\n<p>[\/et_pb_text][et_pb_text _builder_version=\u00a0\u00bb4.23.1&Prime; _module_preset=\u00a0\u00bbdefault\u00a0\u00bb global_colors_info=\u00a0\u00bb{}\u00a0\u00bb]<\/p>\n<p>* Rien sur ce site web ne doit \u00eatre interpr\u00e9t\u00e9 comme un avis juridique. Si vous cherchez un avis juridique, communiquez avec une personne autoris\u00e9e \u00e0 offrir des avis juridiques dans votre r\u00e9gion.<\/p>\n<p>[\/et_pb_text][\/et_pb_column][\/et_pb_row][\/et_pb_section]<\/p>\n","protected":false},"excerpt":{"rendered":"<p>\u201cNous prot\u00e9geons vos donn\u00e9es sur ce site.\u201d\u00a0 dgtil.aiConditions d&rsquo;utilisation D\u00e9claration g\u00e9n\u00e9rale Cette politique concerne nos pratiques de confidentialit\u00e9 en relation avec notre site Web, dgtil.ai\/ (le \u00ab Site \u00bb). En visitant, en acc\u00e9dant ou en utilisant ce site Web, vous acceptez par la pr\u00e9sente d&rsquo;\u00eatre li\u00e9 par les termes et conditions \u00e9nonc\u00e9s ci-dessous. La simple [&hellip;]<\/p>\n","protected":false},"author":1,"featured_media":605,"parent":0,"menu_order":0,"comment_status":"closed","ping_status":"open","template":"","meta":{"_et_pb_use_builder":"on","_et_pb_old_content":"<h2>Personal data protection clause<\/h2>\n<h3>Introduction<\/h3>\nThis personal data protection clause aims to inform you about the way in which this website collects, uses, processes and protects your personal data when you visit our website [https:\/\/acupuncture.sylvieberard.com\/] (hereinafter -after \u201csite\u201d). We attach great importance to the protection of your privacy and we are committed to complying with all applicable laws regarding the protection of personal data.\n<h3>1. Mandatory data collection<\/h3>\nIn order to ensure the security of this site and to protect your visit to our site, certain data such as your IP address, your browser, your security settings, your location, may be consulted. It is important to us to keep this site secure at all times and to be safe from hacking and misuse. To achieve these objectives, the following services may consult your IP address, your browser, your security settings, your location and other data related to the security and proper functioning of the site:\n<ul>\n \t<li>WordPress<\/li>\n \t<li>Siteground<\/li>\n \t<li>Calendly<\/li>\n \t<li>Google<\/li>\n<\/ul>\n<h3>2. Collection of personal data with consent<\/h3>\nWe may collect the following personal data when you use our site to communicate with us:\n<ul>\n \t<li>First and last name<\/li>\n \t<li>E-mail address<\/li>\n \t<li>Phone number<\/li>\n \t<li>Address<\/li>\n \t<li>Payment information<\/li>\n<\/ul>\n<h3>3. Use of personal data<\/h3>\nWe use your personal data for the following purposes:\n<ul>\n \t<li>Provision of the services you have requested<\/li>\n \t<li>Respond to your inquiries<\/li>\n \t<li>Personalizing your experience on the site<\/li>\n \t<li>Payment processing (if applicable)<\/li>\n \t<li>Sending information via email (with your consent)<\/li>\n \t<li>Compliance with legal obligations<\/li>\n \t<li>Protection of personal data<\/li>\n<\/ul>\nWe implement appropriate security measures to protect your personal data against unauthorized access, disclosure, alteration or destruction. We are committed to maintaining the confidentiality and security of your data.\n<h3>4. Sharing personal data<\/h3>\nWe only share your personal data with third parties when necessary for the provision of our services or when required by law. We do not sell your personal data to third parties.\n<h3>5. Your rights<\/h3>\nYou have certain rights regarding your personal data, including the right to access your data, correct it, delete it or object to its processing. To exercise these rights, please contact us at web@sylvieberard.com\n<h3>6. Cookies<\/h3>\nOur site uses cookies to secure the site and improve your online experience.\n<h3>7. Modification of the Clause<\/h3>\nWe reserve the right to modify this Clause at any time. Any changes will be posted on this page, and the revision date at the top of the page will be updated. We encourage you to review this Clause regularly to stay informed of changes.\n<h3>8. Contact<\/h3>\nIf you have any questions or concerns regarding this Clause or the protection of your personal data, please contact us at web@sylvieberard.com\n\nBy using our site, you agree to this Personal Data Protection Clause. If you do not agree to the terms of this Clause, please do not use our site.\n\n\u00a0\n<h2>TERMS AND CONDITIONS<\/h2>\n<h3>1. Introduction<\/h3>\nThese general conditions apply to this website. You may be bound by additional contracts in connection with your relationship with us or any services you receive from us. If any provisions of additional agreements conflict with any provisions of these Terms and Conditions, the provisions of those additional agreements shall control.\n<h3>2. Mandatory<\/h3>\nBy visiting, accessing or otherwise using this website, you hereby agree to be bound by the terms and conditions set forth below. The simple use of this website implies knowledge and acceptance of these general conditions. In certain special cases, we may also ask you to give your explicit consent.\n<h3>3. Electronic communication<\/h3>\nBy using this website or communicating with us by electronic means, you agree and acknowledge that we may communicate with you electronically on our website or by sending you an email, and you agree that all agreements, notices , publications and other communications that we provide to you electronically satisfy any legal requirement, including but not limited to the requirement that such communications be in writing.\n<h3>4. Intellectual property<\/h3>\nWe or our licensees own and control all copyright and other intellectual property rights in the Website and the data, information and other resources displayed on or accessible through the Website.\n\n4","_et_gb_content_width":"","footnotes":""},"class_list":["post-633","page","type-page","status-publish","has-post-thumbnail","hentry"],"_links":{"self":[{"href":"https:\/\/dgtil.ai\/fr\/wp-json\/wp\/v2\/pages\/633","targetHints":{"allow":["GET"]}}],"collection":[{"href":"https:\/\/dgtil.ai\/fr\/wp-json\/wp\/v2\/pages"}],"about":[{"href":"https:\/\/dgtil.ai\/fr\/wp-json\/wp\/v2\/types\/page"}],"author":[{"embeddable":true,"href":"https:\/\/dgtil.ai\/fr\/wp-json\/wp\/v2\/users\/1"}],"replies":[{"embeddable":true,"href":"https:\/\/dgtil.ai\/fr\/wp-json\/wp\/v2\/comments?post=633"}],"version-history":[{"count":2,"href":"https:\/\/dgtil.ai\/fr\/wp-json\/wp\/v2\/pages\/633\/revisions"}],"predecessor-version":[{"id":121106,"href":"https:\/\/dgtil.ai\/fr\/wp-json\/wp\/v2\/pages\/633\/revisions\/121106"}],"wp:featuredmedia":[{"embeddable":true,"href":"https:\/\/dgtil.ai\/fr\/wp-json\/wp\/v2\/media\/605"}],"wp:attachment":[{"href":"https:\/\/dgtil.ai\/fr\/wp-json\/wp\/v2\/media?parent=633"}],"curies":[{"name":"wp","href":"https:\/\/api.w.org\/{rel}","templated":true}]}}